{"id":4124,"date":"2024-12-11T21:12:25","date_gmt":"2024-12-11T21:12:25","guid":{"rendered":"https:\/\/sl-naturstein.de\/?page_id=4124"},"modified":"2025-05-14T19:52:02","modified_gmt":"2025-05-14T19:52:02","slug":"downloadbereich","status":"publish","type":"page","link":"https:\/\/sl-naturstein.de\/index.php\/downloadbereich\/","title":{"rendered":"Downloadbereich"},"content":{"rendered":"\t\t<div data-elementor-type=\"wp-page\" data-elementor-id=\"4124\" class=\"elementor elementor-4124\">\n\t\t\t\t<div class=\"elementor-element elementor-element-0e5de55 e-con-full e-flex e-con e-parent\" data-id=\"0e5de55\" data-element_type=\"container\" data-e-type=\"container\">\n\t\t\t\t<div class=\"elementor-element elementor-element-2b87bf7 elementor-widget elementor-widget-heading\" data-id=\"2b87bf7\" data-element_type=\"widget\" data-e-type=\"widget\" data-widget_type=\"heading.default\">\n\t\t\t\t<div class=\"elementor-widget-container\">\n\t\t\t\t\t<h2 class=\"elementor-heading-title elementor-size-default\">SL Natursteinvertriebs- und Pflasterbau GmbH\n<\/h2>\t\t\t\t<\/div>\n\t\t\t\t<\/div>\n\t\t\t\t<div class=\"elementor-element elementor-element-becf6e1 elementor-widget elementor-widget-button\" data-id=\"becf6e1\" data-element_type=\"widget\" data-e-type=\"widget\" data-widget_type=\"button.default\">\n\t\t\t\t<div class=\"elementor-widget-container\">\n\t\t\t\t\t\t\t\t\t<div class=\"elementor-button-wrapper\">\n\t\t\t\t\t<a class=\"elementor-button elementor-button-link elementor-size-sm\" href=\"https:\/\/sl-naturstein.de\/wp-content\/uploads\/2024\/12\/AGB-SL-2024.pdf\">\n\t\t\t\t\t\t<span class=\"elementor-button-content-wrapper\">\n\t\t\t\t\t\t\t\t\t<span class=\"elementor-button-text\">AGB SL<\/span>\n\t\t\t\t\t<\/span>\n\t\t\t\t\t<\/a>\n\t\t\t\t<\/div>\n\t\t\t\t\t\t\t\t<\/div>\n\t\t\t\t<\/div>\n\t\t\t\t<div class=\"elementor-element elementor-element-820b9a0 elementor-widget elementor-widget-button\" data-id=\"820b9a0\" data-element_type=\"widget\" data-e-type=\"widget\" data-widget_type=\"button.default\">\n\t\t\t\t<div class=\"elementor-widget-container\">\n\t\t\t\t\t\t\t\t\t<div class=\"elementor-button-wrapper\">\n\t\t\t\t\t<a class=\"elementor-button elementor-button-link elementor-size-sm\" href=\"https:\/\/sl-naturstein.de\/wp-content\/uploads\/2025\/01\/SL-Datenschutz.pdf\">\n\t\t\t\t\t\t<span class=\"elementor-button-content-wrapper\">\n\t\t\t\t\t\t\t\t\t<span class=\"elementor-button-text\">Datenschutzrichtlinie SL<\/span>\n\t\t\t\t\t<\/span>\n\t\t\t\t\t<\/a>\n\t\t\t\t<\/div>\n\t\t\t\t\t\t\t\t<\/div>\n\t\t\t\t<\/div>\n\t\t\t\t<div class=\"elementor-element elementor-element-69b35fb elementor-widget elementor-widget-button\" data-id=\"69b35fb\" data-element_type=\"widget\" data-e-type=\"widget\" data-widget_type=\"button.default\">\n\t\t\t\t<div class=\"elementor-widget-container\">\n\t\t\t\t\t\t\t\t\t<div class=\"elementor-button-wrapper\">\n\t\t\t\t\t<a class=\"elementor-button elementor-button-link elementor-size-sm\" href=\"https:\/\/sl-naturstein.de\/wp-content\/uploads\/2024\/12\/Zusaetzliche-Vertragsbedingungen-SL-2024.pdf\">\n\t\t\t\t\t\t<span class=\"elementor-button-content-wrapper\">\n\t\t\t\t\t\t\t\t\t<span class=\"elementor-button-text\">Zus\u00e4tzliche Vertragsbedingungen SL<\/span>\n\t\t\t\t\t<\/span>\n\t\t\t\t\t<\/a>\n\t\t\t\t<\/div>\n\t\t\t\t\t\t\t\t<\/div>\n\t\t\t\t<\/div>\n\t\t\t\t<div class=\"elementor-element elementor-element-fb65a35 elementor-widget elementor-widget-button\" data-id=\"fb65a35\" data-element_type=\"widget\" data-e-type=\"widget\" data-widget_type=\"button.default\">\n\t\t\t\t<div class=\"elementor-widget-container\">\n\t\t\t\t\t\t\t\t\t<div class=\"elementor-button-wrapper\">\n\t\t\t\t\t<a class=\"elementor-button elementor-button-link elementor-size-sm\" href=\"https:\/\/sl-naturstein.de\/wp-content\/uploads\/2024\/12\/praequlifikation-sl.pdf\">\n\t\t\t\t\t\t<span class=\"elementor-button-content-wrapper\">\n\t\t\t\t\t\t\t\t\t<span class=\"elementor-button-text\">Pr\u00e4qualifikation SL<\/span>\n\t\t\t\t\t<\/span>\n\t\t\t\t\t<\/a>\n\t\t\t\t<\/div>\n\t\t\t\t\t\t\t\t<\/div>\n\t\t\t\t<\/div>\n\t\t\t\t<div class=\"elementor-element elementor-element-49d276f elementor-widget elementor-widget-button\" data-id=\"49d276f\" data-element_type=\"widget\" data-e-type=\"widget\" data-widget_type=\"button.default\">\n\t\t\t\t<div class=\"elementor-widget-container\">\n\t\t\t\t\t\t\t\t\t<div class=\"elementor-button-wrapper\">\n\t\t\t\t\t<a class=\"elementor-button elementor-button-link elementor-size-sm\" href=\"https:\/\/sl-naturstein.de\/wp-content\/uploads\/2025\/05\/Fuehrungsbestaetigung-2025-05-14.pdf\">\n\t\t\t\t\t\t<span class=\"elementor-button-content-wrapper\">\n\t\t\t\t\t\t\t\t\t<span class=\"elementor-button-text\">Ank\u00f6 2025<\/span>\n\t\t\t\t\t<\/span>\n\t\t\t\t\t<\/a>\n\t\t\t\t<\/div>\n\t\t\t\t\t\t\t\t<\/div>\n\t\t\t\t<\/div>\n\t\t\t\t<div class=\"elementor-element elementor-element-23d5017 elementor-widget-divider--view-line elementor-widget elementor-widget-divider\" data-id=\"23d5017\" data-element_type=\"widget\" data-e-type=\"widget\" data-widget_type=\"divider.default\">\n\t\t\t\t<div class=\"elementor-widget-container\">\n\t\t\t\t\t\t\t<div class=\"elementor-divider\">\n\t\t\t<span class=\"elementor-divider-separator\">\n\t\t\t\t\t\t<\/span>\n\t\t<\/div>\n\t\t\t\t\t\t<\/div>\n\t\t\t\t<\/div>\n\t\t\t\t<div class=\"elementor-element elementor-element-100bc1a elementor-widget elementor-widget-heading\" data-id=\"100bc1a\" data-element_type=\"widget\" data-e-type=\"widget\" data-widget_type=\"heading.default\">\n\t\t\t\t<div class=\"elementor-widget-container\">\n\t\t\t\t\t<h2 class=\"elementor-heading-title elementor-size-default\">Herlin Deutschland GmbH\n<\/h2>\t\t\t\t<\/div>\n\t\t\t\t<\/div>\n\t\t\t\t<div class=\"elementor-element elementor-element-a9d3f35 elementor-widget elementor-widget-button\" data-id=\"a9d3f35\" data-element_type=\"widget\" data-e-type=\"widget\" data-widget_type=\"button.default\">\n\t\t\t\t<div class=\"elementor-widget-container\">\n\t\t\t\t\t\t\t\t\t<div class=\"elementor-button-wrapper\">\n\t\t\t\t\t<a class=\"elementor-button elementor-button-link elementor-size-sm\" href=\"https:\/\/sl-naturstein.de\/wp-content\/uploads\/2025\/01\/AGB-Herlin-2025.pdf\">\n\t\t\t\t\t\t<span class=\"elementor-button-content-wrapper\">\n\t\t\t\t\t\t\t\t\t<span class=\"elementor-button-text\">AGB Herlin<\/span>\n\t\t\t\t\t<\/span>\n\t\t\t\t\t<\/a>\n\t\t\t\t<\/div>\n\t\t\t\t\t\t\t\t<\/div>\n\t\t\t\t<\/div>\n\t\t\t\t<div class=\"elementor-element elementor-element-93b99b9 elementor-widget elementor-widget-button\" data-id=\"93b99b9\" data-element_type=\"widget\" data-e-type=\"widget\" data-widget_type=\"button.default\">\n\t\t\t\t<div class=\"elementor-widget-container\">\n\t\t\t\t\t\t\t\t\t<div class=\"elementor-button-wrapper\">\n\t\t\t\t\t<a class=\"elementor-button elementor-button-link elementor-size-sm\" href=\"https:\/\/sl-naturstein.de\/wp-content\/uploads\/2025\/01\/Herlin-Deutschland-Datenschutz.pdf\">\n\t\t\t\t\t\t<span class=\"elementor-button-content-wrapper\">\n\t\t\t\t\t\t\t\t\t<span class=\"elementor-button-text\">Datenschutzrichtlinie Herlin<\/span>\n\t\t\t\t\t<\/span>\n\t\t\t\t\t<\/a>\n\t\t\t\t<\/div>\n\t\t\t\t\t\t\t\t<\/div>\n\t\t\t\t<\/div>\n\t\t\t\t<div class=\"elementor-element elementor-element-27b7b43 elementor-widget-divider--view-line elementor-widget elementor-widget-divider\" data-id=\"27b7b43\" data-element_type=\"widget\" data-e-type=\"widget\" data-widget_type=\"divider.default\">\n\t\t\t\t<div class=\"elementor-widget-container\">\n\t\t\t\t\t\t\t<div class=\"elementor-divider\">\n\t\t\t<span class=\"elementor-divider-separator\">\n\t\t\t\t\t\t<\/span>\n\t\t<\/div>\n\t\t\t\t\t\t<\/div>\n\t\t\t\t<\/div>\n\t\t\t\t<div class=\"elementor-element elementor-element-6ea1101 elementor-widget elementor-widget-heading\" data-id=\"6ea1101\" data-element_type=\"widget\" data-e-type=\"widget\" data-widget_type=\"heading.default\">\n\t\t\t\t<div class=\"elementor-widget-container\">\n\t\t\t\t\t<h2 class=\"elementor-heading-title elementor-size-default\">Globus Natursteine GmbH\n<\/h2>\t\t\t\t<\/div>\n\t\t\t\t<\/div>\n\t\t\t\t<div class=\"elementor-element elementor-element-e8b2f8e elementor-widget elementor-widget-button\" data-id=\"e8b2f8e\" data-element_type=\"widget\" data-e-type=\"widget\" data-widget_type=\"button.default\">\n\t\t\t\t<div class=\"elementor-widget-container\">\n\t\t\t\t\t\t\t\t\t<div class=\"elementor-button-wrapper\">\n\t\t\t\t\t<a class=\"elementor-button elementor-button-link elementor-size-sm\" href=\"https:\/\/sl-naturstein.de\/wp-content\/uploads\/2024\/12\/AGB-Globus-2024.pdf\">\n\t\t\t\t\t\t<span class=\"elementor-button-content-wrapper\">\n\t\t\t\t\t\t\t\t\t<span class=\"elementor-button-text\">AGB Globus<\/span>\n\t\t\t\t\t<\/span>\n\t\t\t\t\t<\/a>\n\t\t\t\t<\/div>\n\t\t\t\t\t\t\t\t<\/div>\n\t\t\t\t<\/div>\n\t\t\t\t<div class=\"elementor-element elementor-element-e7d222e elementor-widget elementor-widget-button\" data-id=\"e7d222e\" data-element_type=\"widget\" data-e-type=\"widget\" data-widget_type=\"button.default\">\n\t\t\t\t<div class=\"elementor-widget-container\">\n\t\t\t\t\t\t\t\t\t<div class=\"elementor-button-wrapper\">\n\t\t\t\t\t<a class=\"elementor-button elementor-button-link elementor-size-sm\" href=\"https:\/\/sl-naturstein.de\/wp-content\/uploads\/2024\/12\/Globus-Datenschutzrichtlinie.pdf\">\n\t\t\t\t\t\t<span class=\"elementor-button-content-wrapper\">\n\t\t\t\t\t\t\t\t\t<span class=\"elementor-button-text\">Globus Datenschutzrichtlinie<\/span>\n\t\t\t\t\t<\/span>\n\t\t\t\t\t<\/a>\n\t\t\t\t<\/div>\n\t\t\t\t\t\t\t\t<\/div>\n\t\t\t\t<\/div>\n\t\t\t\t<\/div>\n\t\t\t\t<\/div>\n\t\t","protected":false},"excerpt":{"rendered":"<p>SL Natursteinvertriebs- und Pflasterbau GmbH AGB SL Datenschutzrichtlinie SL Zus\u00e4tzliche Vertragsbedingungen SL Pr\u00e4qualifikation SL Ank\u00f6 2025 Herlin Deutschland GmbH AGB Herlin Datenschutzrichtlinie Herlin Globus Natursteine GmbH AGB Globus Globus Datenschutzrichtlinie<\/p>\n","protected":false},"author":1,"featured_media":0,"parent":0,"menu_order":0,"comment_status":"closed","ping_status":"closed","template":"","meta":{"footnotes":""},"class_list":["post-4124","page","type-page","status-publish","hentry"],"yoast_head":"<!-- This site is optimized with the Yoast SEO plugin v27.2 - https:\/\/yoast.com\/product\/yoast-seo-wordpress\/ -->\n<title>Downloadbereich - SL Naturstein<\/title>\n<meta name=\"robots\" content=\"noindex, follow\" \/>\n<meta property=\"og:locale\" content=\"de_DE\" \/>\n<meta property=\"og:type\" content=\"article\" \/>\n<meta property=\"og:title\" content=\"Downloadbereich - SL Naturstein\" \/>\n<meta property=\"og:description\" content=\"SL Natursteinvertriebs- und Pflasterbau GmbH AGB SL Datenschutzrichtlinie SL Zus\u00e4tzliche Vertragsbedingungen SL Pr\u00e4qualifikation SL Ank\u00f6 2025 Herlin Deutschland GmbH AGB Herlin Datenschutzrichtlinie Herlin Globus Natursteine GmbH AGB Globus Globus Datenschutzrichtlinie\" \/>\n<meta property=\"og:url\" content=\"https:\/\/sl-naturstein.de\/index.php\/downloadbereich\/\" \/>\n<meta property=\"og:site_name\" content=\"SL Naturstein\" \/>\n<meta property=\"article:modified_time\" content=\"2025-05-14T19:52:02+00:00\" \/>\n<meta name=\"twitter:card\" content=\"summary_large_image\" \/>\n<meta name=\"twitter:label1\" content=\"Gesch\u00e4tzte Lesezeit\" \/>\n\t<meta name=\"twitter:data1\" content=\"1\u00a0Minute\" \/>\n<script type=\"application\/ld+json\" class=\"yoast-schema-graph\">{\"@context\":\"https:\/\/schema.org\",\"@graph\":[{\"@type\":\"WebPage\",\"@id\":\"https:\/\/sl-naturstein.de\/index.php\/downloadbereich\/\",\"url\":\"https:\/\/sl-naturstein.de\/index.php\/downloadbereich\/\",\"name\":\"Downloadbereich - SL Naturstein\",\"isPartOf\":{\"@id\":\"https:\/\/sl-naturstein.de\/#website\"},\"datePublished\":\"2024-12-11T21:12:25+00:00\",\"dateModified\":\"2025-05-14T19:52:02+00:00\",\"breadcrumb\":{\"@id\":\"https:\/\/sl-naturstein.de\/index.php\/downloadbereich\/#breadcrumb\"},\"inLanguage\":\"de\",\"potentialAction\":[{\"@type\":\"ReadAction\",\"target\":[\"https:\/\/sl-naturstein.de\/index.php\/downloadbereich\/\"]}]},{\"@type\":\"BreadcrumbList\",\"@id\":\"https:\/\/sl-naturstein.de\/index.php\/downloadbereich\/#breadcrumb\",\"itemListElement\":[{\"@type\":\"ListItem\",\"position\":1,\"name\":\"Startseite\",\"item\":\"https:\/\/sl-naturstein.de\/\"},{\"@type\":\"ListItem\",\"position\":2,\"name\":\"Downloadbereich\"}]},{\"@type\":\"WebSite\",\"@id\":\"https:\/\/sl-naturstein.de\/#website\",\"url\":\"https:\/\/sl-naturstein.de\/\",\"name\":\"SL Naturstein\",\"description\":\"\",\"potentialAction\":[{\"@type\":\"SearchAction\",\"target\":{\"@type\":\"EntryPoint\",\"urlTemplate\":\"https:\/\/sl-naturstein.de\/?s={search_term_string}\"},\"query-input\":{\"@type\":\"PropertyValueSpecification\",\"valueRequired\":true,\"valueName\":\"search_term_string\"}}],\"inLanguage\":\"de\"}]}<\/script>\n<!-- \/ Yoast SEO plugin. -->","yoast_head_json":{"title":"Downloadbereich - SL Naturstein","robots":{"index":"noindex","follow":"follow"},"og_locale":"de_DE","og_type":"article","og_title":"Downloadbereich - SL Naturstein","og_description":"SL Natursteinvertriebs- und Pflasterbau GmbH AGB SL Datenschutzrichtlinie SL Zus\u00e4tzliche Vertragsbedingungen SL Pr\u00e4qualifikation SL Ank\u00f6 2025 Herlin Deutschland GmbH AGB Herlin Datenschutzrichtlinie Herlin Globus Natursteine GmbH AGB Globus Globus Datenschutzrichtlinie","og_url":"https:\/\/sl-naturstein.de\/index.php\/downloadbereich\/","og_site_name":"SL Naturstein","article_modified_time":"2025-05-14T19:52:02+00:00","twitter_card":"summary_large_image","twitter_misc":{"Gesch\u00e4tzte Lesezeit":"1\u00a0Minute"},"schema":{"@context":"https:\/\/schema.org","@graph":[{"@type":"WebPage","@id":"https:\/\/sl-naturstein.de\/index.php\/downloadbereich\/","url":"https:\/\/sl-naturstein.de\/index.php\/downloadbereich\/","name":"Downloadbereich - SL Naturstein","isPartOf":{"@id":"https:\/\/sl-naturstein.de\/#website"},"datePublished":"2024-12-11T21:12:25+00:00","dateModified":"2025-05-14T19:52:02+00:00","breadcrumb":{"@id":"https:\/\/sl-naturstein.de\/index.php\/downloadbereich\/#breadcrumb"},"inLanguage":"de","potentialAction":[{"@type":"ReadAction","target":["https:\/\/sl-naturstein.de\/index.php\/downloadbereich\/"]}]},{"@type":"BreadcrumbList","@id":"https:\/\/sl-naturstein.de\/index.php\/downloadbereich\/#breadcrumb","itemListElement":[{"@type":"ListItem","position":1,"name":"Startseite","item":"https:\/\/sl-naturstein.de\/"},{"@type":"ListItem","position":2,"name":"Downloadbereich"}]},{"@type":"WebSite","@id":"https:\/\/sl-naturstein.de\/#website","url":"https:\/\/sl-naturstein.de\/","name":"SL Naturstein","description":"","potentialAction":[{"@type":"SearchAction","target":{"@type":"EntryPoint","urlTemplate":"https:\/\/sl-naturstein.de\/?s={search_term_string}"},"query-input":{"@type":"PropertyValueSpecification","valueRequired":true,"valueName":"search_term_string"}}],"inLanguage":"de"}]}},"_links":{"self":[{"href":"https:\/\/sl-naturstein.de\/index.php\/wp-json\/wp\/v2\/pages\/4124","targetHints":{"allow":["GET"]}}],"collection":[{"href":"https:\/\/sl-naturstein.de\/index.php\/wp-json\/wp\/v2\/pages"}],"about":[{"href":"https:\/\/sl-naturstein.de\/index.php\/wp-json\/wp\/v2\/types\/page"}],"author":[{"embeddable":true,"href":"https:\/\/sl-naturstein.de\/index.php\/wp-json\/wp\/v2\/users\/1"}],"replies":[{"embeddable":true,"href":"https:\/\/sl-naturstein.de\/index.php\/wp-json\/wp\/v2\/comments?post=4124"}],"version-history":[{"count":53,"href":"https:\/\/sl-naturstein.de\/index.php\/wp-json\/wp\/v2\/pages\/4124\/revisions"}],"predecessor-version":[{"id":4684,"href":"https:\/\/sl-naturstein.de\/index.php\/wp-json\/wp\/v2\/pages\/4124\/revisions\/4684"}],"wp:attachment":[{"href":"https:\/\/sl-naturstein.de\/index.php\/wp-json\/wp\/v2\/media?parent=4124"}],"curies":[{"name":"wp","href":"https:\/\/api.w.org\/{rel}","templated":true}]}}